{"id":3478,"date":"2012-12-29T16:41:45","date_gmt":"2012-12-29T15:41:45","guid":{"rendered":"https:\/\/www.cmrpalmisano.com\/profilo-aziendale\/"},"modified":"2021-03-29T18:57:15","modified_gmt":"2021-03-29T16:57:15","slug":"profil-de-la-societe","status":"publish","type":"page","link":"https:\/\/www.cmrpalmisano.com\/fr\/profil-de-la-societe\/","title":{"rendered":"Profil de la soci\u00e9t\u00e9"},"content":{"rendered":"[vc_row][vc_column][vc_column_text]\n<p style=\"text-align: justify;\"><strong><img loading=\"lazy\" decoding=\"async\" class=\" wp-image-3358 alignleft\" src=\"https:\/\/www.cmrpalmisano.com\/wp-content\/uploads\/2021\/03\/geom-Giuseppe-Palmisano-300x300.jpg\" alt=\"\" width=\"224\" height=\"224\" srcset=\"https:\/\/www.cmrpalmisano.com\/wp-content\/uploads\/2021\/03\/geom-Giuseppe-Palmisano-300x300.jpg 300w, https:\/\/www.cmrpalmisano.com\/wp-content\/uploads\/2021\/03\/geom-Giuseppe-Palmisano-150x150.jpg 150w, https:\/\/www.cmrpalmisano.com\/wp-content\/uploads\/2021\/03\/geom-Giuseppe-Palmisano-90x90.jpg 90w, https:\/\/www.cmrpalmisano.com\/wp-content\/uploads\/2021\/03\/geom-Giuseppe-Palmisano.jpg 640w\" sizes=\"auto, (max-width: 224px) 100vw, 224px\" \/><\/strong><\/p>\n<p><strong>CMR di Palmisano Giuseppe<\/strong> est une entreprise qui op\u00e8re depuis <strong>1986<\/strong> dans les domaines de la repr\u00e9sentation, de la distribution et de la vente de composants et de technologies pour la construction des marques les plus prestigieuses.<\/p>\n<p>Les nombreuses ann\u00e9es d&#8217;exp\u00e9rience acquises dans le secteur de la construction civile et industrielle lui conf\u00e8rent un savoir-faire solide qui va de pair avec la recherche continue de nouvelles solutions de grande qualit\u00e9, fiables, respectueuses de l&#8217;environnement et durables, non seulement en Italie mais aussi La soci\u00e9t\u00e9 s&#8217;adresse aux concepteurs, aux entreprises de construction, aux copropri\u00e9t\u00e9s, aux entrepreneurs, aux aritigiani, aux particuliers et leur offre professionnalisme, comp\u00e9tence, conseil, conception et mise \u00e0 jour continue.<\/p>\n<p style=\"text-align: justify;\"><strong>\u00a0<\/strong><\/p>\n[\/vc_column_text][vc_separator css_animation=&#8221;fadeIn&#8221; css=&#8221;.vc_custom_1612719216130{margin-top: 20px !important;}&#8221;][vc_empty_space][vc_empty_space][vc_column_text]\n<h2 style=\"text-align: center;\">Aree di operativit\u00e0 della CMR di Palmisano Giuseppe<\/h2>\n[\/vc_column_text][vc_empty_space][vc_empty_space][\/vc_column][\/vc_row][vc_row][vc_column width=&#8221;1\/3&#8243;][vc_row_inner][vc_column_inner width=&#8221;1\/4&#8243;][vc_icon icon_fontawesome=&#8221;fas fa-money-bill-alt&#8221; size=&#8221;lg&#8221;][\/vc_column_inner][vc_column_inner width=&#8221;3\/4&#8243;][vc_column_text]\n<h3>Vente<\/h3>\n[\/vc_column_text][\/vc_column_inner][\/vc_row_inner][vc_column_text]\n<ul>\n<li id=\"tw-target-text\" class=\"tw-data-text tw-text-large XcVN5d tw-ta\" dir=\"ltr\" data-placeholder=\"Traduzione\"><span lang=\"fr\" style=\"color: #000000;\">mat\u00e9riaux de construction; <\/span><\/li>\n<li class=\"tw-data-text tw-text-large XcVN5d tw-ta\" dir=\"ltr\" data-placeholder=\"Traduzione\"><span lang=\"fr\" style=\"color: #000000;\">profils pour fen\u00eatres et murs-rideaux; <\/span><\/li>\n<li class=\"tw-data-text tw-text-large XcVN5d tw-ta\" dir=\"ltr\" data-placeholder=\"Traduzione\"><span lang=\"fr\" style=\"color: #000000;\">montages en acier blind\u00e9 et en acier inoxydable; &#8211;<\/span><\/li>\n<li class=\"tw-data-text tw-text-large XcVN5d tw-ta\" dir=\"ltr\" data-placeholder=\"Traduzione\"><span lang=\"fr\" style=\"color: #000000;\">portes et fen\u00eatres en tout mat\u00e9riau; &#8211;<\/span><\/li>\n<li class=\"tw-data-text tw-text-large XcVN5d tw-ta\" dir=\"ltr\" data-placeholder=\"Traduzione\"><span lang=\"fr\" style=\"color: #000000;\">portes int\u00e9rieures; &#8211;<\/span><\/li>\n<li class=\"tw-data-text tw-text-large XcVN5d tw-ta\" dir=\"ltr\" data-placeholder=\"Traduzione\"><span lang=\"fr\" style=\"color: #000000;\">menuiserie en m\u00e9tal;<\/span><\/li>\n<\/ul>\n[\/vc_column_text][\/vc_column][vc_column width=&#8221;1\/3&#8243;][vc_row_inner][vc_column_inner width=&#8221;1\/4&#8243;][vc_icon icon_fontawesome=&#8221;fas fa-briefcase&#8221; color=&#8221;custom&#8221; size=&#8221;lg&#8221; custom_color=&#8221;#e53434&#8243;][\/vc_column_inner][vc_column_inner width=&#8221;3\/4&#8243;][vc_column_text]\n<h3>Repr\u00e9sentation<\/h3>\n[\/vc_column_text][\/vc_column_inner][\/vc_row_inner][vc_column_text]\n<ul>\n<li id=\"tw-target-text\" class=\"tw-data-text tw-text-large XcVN5d tw-ta\" dir=\"ltr\" data-placeholder=\"Traduzione\"><span lang=\"fr\" style=\"color: #000000;\">fa\u00e7ades ventil\u00e9es; <\/span><\/li>\n<li class=\"tw-data-text tw-text-large XcVN5d tw-ta\" dir=\"ltr\" data-placeholder=\"Traduzione\"><span lang=\"fr\" style=\"color: #000000;\">balustrades et cl\u00f4tures; <\/span><\/li>\n<li class=\"tw-data-text tw-text-large XcVN5d tw-ta\" dir=\"ltr\" data-placeholder=\"Traduzione\"><span lang=\"fr\" style=\"color: #000000;\">usines industrielles; <\/span><\/li>\n<li class=\"tw-data-text tw-text-large XcVN5d tw-ta\" dir=\"ltr\" data-placeholder=\"Traduzione\"><span lang=\"fr\" style=\"color: #000000;\">syst\u00e8mes \u00e9oliens et photovolta\u00efques;<\/span><\/li>\n<\/ul>\n[\/vc_column_text][\/vc_column][vc_column width=&#8221;1\/3&#8243;][vc_row_inner][vc_column_inner width=&#8221;1\/4&#8243;][vc_icon icon_fontawesome=&#8221;fas fa-cogs&#8221; color=&#8221;custom&#8221; size=&#8221;lg&#8221; custom_color=&#8221;#eeee22&#8243;][\/vc_column_inner][vc_column_inner width=&#8221;3\/4&#8243;][vc_column_text]\n<h3>R\u00e9alisations<\/h3>\n[\/vc_column_text][\/vc_column_inner][\/vc_row_inner][vc_column_text]\n<ul>\n<li>solutions cl\u00e9 en main pour fa\u00e7ades ventil\u00e9es;<\/li>\n<li>usines industrielles et r\u00e9sidentielles;<\/li>\n<li>portes et fen\u00eatres blind\u00e9es avec certificat FB6 \/ NS;<\/li>\n<li>\u00e9tanch\u00e9it\u00e9 civile et industrielle;<\/li>\n<\/ul>\n[\/vc_column_text][\/vc_column][\/vc_row]\n","protected":false},"excerpt":{"rendered":"<p>[vc_row][vc_column][vc_column_text] CMR di Palmisano Giuseppe est une entreprise qui op\u00e8re depuis 1986 dans les domaines de la repr\u00e9sentation, de la distribution et de la vente de composants et de technologies pour la construction des marques les plus prestigieuses. Les nombreuses ann\u00e9es d&#8217;exp\u00e9rience acquises dans le secteur de la construction civile [&hellip;]<\/p>\n","protected":false},"author":1,"featured_media":0,"parent":0,"menu_order":0,"comment_status":"closed","ping_status":"closed","template":"","meta":{"om_disable_all_campaigns":false,"_monsterinsights_skip_tracking":false,"_monsterinsights_sitenote_active":false,"_monsterinsights_sitenote_note":"","_monsterinsights_sitenote_category":0,"footnotes":""},"class_list":["post-3478","page","type-page","status-publish","hentry"],"aioseo_notices":[],"_links":{"self":[{"href":"https:\/\/www.cmrpalmisano.com\/fr\/wp-json\/wp\/v2\/pages\/3478","targetHints":{"allow":["GET"]}}],"collection":[{"href":"https:\/\/www.cmrpalmisano.com\/fr\/wp-json\/wp\/v2\/pages"}],"about":[{"href":"https:\/\/www.cmrpalmisano.com\/fr\/wp-json\/wp\/v2\/types\/page"}],"author":[{"embeddable":true,"href":"https:\/\/www.cmrpalmisano.com\/fr\/wp-json\/wp\/v2\/users\/1"}],"replies":[{"embeddable":true,"href":"https:\/\/www.cmrpalmisano.com\/fr\/wp-json\/wp\/v2\/comments?post=3478"}],"version-history":[{"count":3,"href":"https:\/\/www.cmrpalmisano.com\/fr\/wp-json\/wp\/v2\/pages\/3478\/revisions"}],"predecessor-version":[{"id":3484,"href":"https:\/\/www.cmrpalmisano.com\/fr\/wp-json\/wp\/v2\/pages\/3478\/revisions\/3484"}],"wp:attachment":[{"href":"https:\/\/www.cmrpalmisano.com\/fr\/wp-json\/wp\/v2\/media?parent=3478"}],"curies":[{"name":"wp","href":"https:\/\/api.w.org\/{rel}","templated":true}]}}